{"id":15,"date":"2024-12-10T13:11:32","date_gmt":"2024-12-10T12:11:32","guid":{"rendered":"https:\/\/vonbulow.org\/oknygaard\/?page_id=15"},"modified":"2025-06-23T13:55:10","modified_gmt":"2025-06-23T11:55:10","slug":"forside","status":"publish","type":"page","link":"https:\/\/vonbulow.org\/oknygaard\/","title":{"rendered":"Forside"},"content":{"rendered":"<p><strong>OKNygaard er under udvikling.<\/strong> Skoven af driftsopgaver, vi udf\u00f8rer hos kunder i hele landet, er integreret i vores s\u00f8sterselskab Gr\u00f8n V\u00e6kst under f\u00e6lles idverde-navn. Samtidig er vi godt igang med at g\u00f8re anl\u00e6gsforretningen i OKNygaard endnu st\u00e6rkere sammen med vores s\u00f8sterselskab Malmos &#8211; en del af idverde.<\/p>\n","protected":false},"excerpt":{"rendered":"<p>OKNygaard er under udvikling. Skoven af driftsopgaver, vi udf\u00f8rer hos kunder i hele landet, er integreret i vores s\u00f8sterselskab Gr\u00f8n V\u00e6kst under f\u00e6lles idverde-navn. Samtidig er vi godt igang med at g\u00f8re anl\u00e6gsforretningen i OKNygaard endnu st\u00e6rkere sammen med vores s\u00f8sterselskab Malmos &#8211; en del af idverde.<\/p>\n","protected":false},"author":2,"featured_media":0,"parent":0,"menu_order":0,"comment_status":"closed","ping_status":"closed","template":"","meta":{"_acf_changed":false,"footnotes":""},"class_list":["post-15","page","type-page","status-publish","hentry"],"acf":[],"_links":{"self":[{"href":"https:\/\/vonbulow.org\/oknygaard\/wp-json\/wp\/v2\/pages\/15","targetHints":{"allow":["GET"]}}],"collection":[{"href":"https:\/\/vonbulow.org\/oknygaard\/wp-json\/wp\/v2\/pages"}],"about":[{"href":"https:\/\/vonbulow.org\/oknygaard\/wp-json\/wp\/v2\/types\/page"}],"author":[{"embeddable":true,"href":"https:\/\/vonbulow.org\/oknygaard\/wp-json\/wp\/v2\/users\/2"}],"replies":[{"embeddable":true,"href":"https:\/\/vonbulow.org\/oknygaard\/wp-json\/wp\/v2\/comments?post=15"}],"version-history":[{"count":13,"href":"https:\/\/vonbulow.org\/oknygaard\/wp-json\/wp\/v2\/pages\/15\/revisions"}],"predecessor-version":[{"id":256,"href":"https:\/\/vonbulow.org\/oknygaard\/wp-json\/wp\/v2\/pages\/15\/revisions\/256"}],"wp:attachment":[{"href":"https:\/\/vonbulow.org\/oknygaard\/wp-json\/wp\/v2\/media?parent=15"}],"curies":[{"name":"wp","href":"https:\/\/api.w.org\/{rel}","templated":true}]}}